{"id":1206,"date":"2015-09-02T14:38:34","date_gmt":"2015-09-02T14:38:34","guid":{"rendered":"http:\/\/www.appoloss.fr\/site\/?page_id=1206"},"modified":"2018-11-22T12:59:03","modified_gmt":"2018-11-22T12:59:03","slug":"singles","status":"publish","type":"page","link":"https:\/\/www.appoloss.fr\/site\/singles\/","title":{"rendered":"SINGLES"},"content":{"rendered":"<h3><\/h3>\n<h1>EN VENTE sur 250 Plateformes \u2013 Lien iTUNES :<\/h1>\n<h3><span style=\"color: #ff6600;\">NOUVEAUTE : VIENS DANSER LA BOURREE &#8211; Nov 2017<\/span><\/h3>\n<!--[if lt IE 9]><script>document.createElement('audio');<\/script><![endif]-->\n<audio class=\"wp-audio-shortcode\" id=\"audio-1206-1\" preload=\"none\" style=\"width: 100%;\" controls=\"controls\"><source type=\"audio\/wav\" src=\"http:\/\/www.appoloss.fr\/site\/wp-content\/uploads\/Viens-danser-la-bourr\u00e9e-.wav?_=1\" \/><a href=\"http:\/\/www.appoloss.fr\/site\/wp-content\/uploads\/Viens-danser-la-bourr\u00e9e-.wav\">http:\/\/www.appoloss.fr\/site\/wp-content\/uploads\/Viens-danser-la-bourr\u00e9e-.wav<\/a><\/audio>\n<h3>https:\/\/itunes.apple.com\/fr\/album\/viens-danser-la-bourr%C3%A9e-single\/1313901464<\/h3>\n<h3><span style=\"color: #ff6600;\">NOUVEAUTE :\u00a0DANS LE DOS &#8211; Ao\u00fbt 2017<\/span><\/h3>\n<h3>https:\/\/itunes.apple.com\/fr\/album\/dans-le-dos\/1269576679?i=1269576692<\/h3>\n<p><a href=\"http:\/\/www.appoloss.fr\/site\/wp-content\/uploads\/DODO-1.jpg\"><img loading=\"lazy\" class=\"alignleft size-medium wp-image-1694\" src=\"http:\/\/www.appoloss.fr\/site\/wp-content\/uploads\/DODO-1-300x300.jpg\" alt=\"\" width=\"300\" height=\"300\" srcset=\"https:\/\/www.appoloss.fr\/site\/wp-content\/uploads\/DODO-1-300x300.jpg 300w, https:\/\/www.appoloss.fr\/site\/wp-content\/uploads\/DODO-1-100x100.jpg 100w, https:\/\/www.appoloss.fr\/site\/wp-content\/uploads\/DODO-1-600x600.jpg 600w, https:\/\/www.appoloss.fr\/site\/wp-content\/uploads\/DODO-1-150x150.jpg 150w, https:\/\/www.appoloss.fr\/site\/wp-content\/uploads\/DODO-1-768x768.jpg 768w, https:\/\/www.appoloss.fr\/site\/wp-content\/uploads\/DODO-1-1024x1024.jpg 1024w, https:\/\/www.appoloss.fr\/site\/wp-content\/uploads\/DODO-1.jpg 1349w\" sizes=\"(max-width: 300px) 100vw, 300px\" \/><\/a><\/p>\n<h3><\/h3>\n<p>&nbsp;<\/p>\n<p>&nbsp;<\/p>\n<p>&nbsp;<\/p>\n<p>&nbsp;<\/p>\n<p>&nbsp;<\/p>\n<p>&nbsp;<\/p>\n<p>&nbsp;<\/p>\n<p><audio class=\"wp-audio-shortcode\" id=\"audio-1206-2\" preload=\"none\" style=\"width: 100%;\" controls=\"controls\"><source type=\"audio\/mpeg\" src=\"http:\/\/www.appoloss.fr\/site\/wp-content\/uploads\/DANS-LE-DOS-STEREO.mp3?_=2\" \/><a href=\"http:\/\/www.appoloss.fr\/site\/wp-content\/uploads\/DANS-LE-DOS-STEREO.mp3\">http:\/\/www.appoloss.fr\/site\/wp-content\/uploads\/DANS-LE-DOS-STEREO.mp3<\/a><\/audio><br \/>\nC\u2019est un coup violent, une <span class=\"s1\">humiliation<\/span> que l&rsquo;on assimile \u00e0 la trahison. Li\u00e9 \u00e0 la vie sociale et \u00e0 la politique traditionnelle, ce single <span class=\"s2\">est la rencontre de deux genres musicaux de l\u2019Afrique de l\u2019ouest, d\u00e9fendant <\/span>des valeurs de respect de la dignit\u00e9 humaine et de justice<span class=\"s2\"> : l<\/span><b>a juju music<\/b> du Nigeria, et <b>le Zouglou<\/b> de C\u00f4te d\u2019Ivoire.<br \/>\n&nbsp;<\/p>\n<h3><span style=\"color: #ff6600;\">SOGNIN :\u00a0 \u00ab Vol- Corruption \u00bb &#8211; 2013<\/span><\/h3>\n<p><a href=\"http:\/\/www.appoloss.fr\/site\/wp-content\/uploads\/Sognin1.png\"><img loading=\"lazy\" src=\"http:\/\/www.appoloss.fr\/site\/wp-content\/uploads\/Sognin1-300x295.png\" alt=\"Sognin\" width=\"300\" height=\"295\" \/><\/a><\/p>\n<p><audio class=\"wp-audio-shortcode\" id=\"audio-1206-3\" preload=\"none\" style=\"width: 100%;\" controls=\"controls\"><source type=\"audio\/mpeg\" src=\"http:\/\/www.appoloss.fr\/site\/wp-content\/uploads\/08-SOGNIN-WORLD.mp3?_=3\" \/><a href=\"http:\/\/www.appoloss.fr\/site\/wp-content\/uploads\/08-SOGNIN-WORLD.mp3\">http:\/\/www.appoloss.fr\/site\/wp-content\/uploads\/08-SOGNIN-WORLD.mp3<\/a><\/audio><br \/>\n<style=\"text-align: justify;\">Le laxisme, le mutisme et la passivit\u00e9 des Africains noirs, envers leurs responsables politiques est pass\u00e9 au scanner dans cette chanson.L&rsquo;Afrique vit dans l&rsquo;exc\u00e8s total de corruptions et d&rsquo;abus d&rsquo;autorit\u00e9. Piller le peuple est devenu un \u00e9tat normal : fonctionnaires, policiers, religieux, politiciens&#8230;, deviennent des super riches en un temps record pendant que la pauvret\u00e9 fait des ravages dans les familles.La complicit\u00e9 na\u00efve des populations \u00e0 cet enrichissement illicite fait beaucoup de mal \u00e0 plusieurs g\u00e9n\u00e9rations depuis les ind\u00e9pendances. Qui paiera t\u00f4t ou tard la note sal\u00e9e ? Sa jeunesse.<\/style>\n<h4><\/h4>\n<h3><span style=\"color: #ff6600;\">JEUNESSE &#8211; 2013<\/span><\/h3>\n<p><a href=\"http:\/\/www.appoloss.fr\/site\/wp-content\/uploads\/single-Appoloss-Dossier.jpeg\"><img loading=\"lazy\" src=\"http:\/\/www.appoloss.fr\/site\/wp-content\/uploads\/single-Appoloss-Dossier.jpeg\" alt=\"VISUEL JEUNESSE\" width=\"241\" height=\"241\" \/><\/a><\/p>\n<p><audio class=\"wp-audio-shortcode\" id=\"audio-1206-4\" preload=\"none\" style=\"width: 100%;\" controls=\"controls\"><source type=\"audio\/mpeg\" src=\"http:\/\/www.appoloss.fr\/site\/wp-content\/uploads\/02-JEUNESSE-SOUBAGAYA.mp3?_=4\" \/><a href=\"http:\/\/www.appoloss.fr\/site\/wp-content\/uploads\/02-JEUNESSE-SOUBAGAYA.mp3\">http:\/\/www.appoloss.fr\/site\/wp-content\/uploads\/02-JEUNESSE-SOUBAGAYA.mp3<\/a><\/audio><br \/>\n<style=\"text-align: justify;\">Dans un monde incertain o\u00f9 l\u2019on est jeune et vieux de plus en plus longtemps, les fronti\u00e8res entre les deux g\u00e9n\u00e9rations extr\u00eames de la vie sont moins nettes qu\u2019avant. Rencontre improbable entre deux \u00e2ges le temps d\u2019un clip qui dure parfois une vie mais aussi espoir de garder la jeunesse le plus longtemps possible au fond de soi.\u00a0Dans un univers en plein m\u00e9tissage des cultures, des sons, des id\u00e9es, APPOLOSS explore avec JEUNESSE celui des g\u00e9n\u00e9rations et donne une nouvelle id\u00e9e de la musique africaine qui se m\u00e9lange \u00e0 la jeunesse de l\u2019Electro.<\/style>\n<h4><\/h4>\n<h3><span style=\"color: #ff6600;\">FRAN\u00c7AFRIQUE \u00a0Maxi Single &#8211; 2011 &#8211; 5 Titres<\/span><\/h3>\n<p><a href=\"http:\/\/www.appoloss.fr\/site\/wp-content\/uploads\/jacquette-recto.jpg\"><img loading=\"lazy\" src=\"http:\/\/www.appoloss.fr\/site\/wp-content\/uploads\/jacquette-recto-300x300.jpg\" alt=\"jacquette-recto\" width=\"300\" height=\"300\" \/><\/a><\/p>\n<audio class=\"wp-audio-shortcode\" id=\"audio-1206-5\" preload=\"none\" style=\"width: 100%;\" controls=\"controls\"><source type=\"audio\/mpeg\" src=\"http:\/\/www.appoloss.fr\/site\/wp-content\/uploads\/18-FRANCAFRIQUE.mp3?_=5\" \/><a href=\"http:\/\/www.appoloss.fr\/site\/wp-content\/uploads\/18-FRANCAFRIQUE.mp3\">http:\/\/www.appoloss.fr\/site\/wp-content\/uploads\/18-FRANCAFRIQUE.mp3<\/a><\/audio>\n<p>&nbsp;<br \/>\nL\u2019Afrique d\u2019aujourd\u2019hui n\u2019est plus celle de Jacques Foccart certes, mais le continent de la croissance est aussi celui de la pauvret\u00e9. L\u2019absence d\u2019\u00c9tat et de gouvernance rendent dramatiquement impossible les capacit\u00e9s de son d\u00e9veloppement.<\/p>\n<h3><\/h3>\n<h3><span style=\"color: #ff6600;\">BATTEMENT FRATERNEL &#8211; 2009 &#8211; Instrumental<\/span><\/h3>\n<p><a href=\"http:\/\/www.appoloss.fr\/site\/wp-content\/uploads\/Battement_Fraternel1.jpg\"><img loading=\"lazy\" src=\"http:\/\/www.appoloss.fr\/site\/wp-content\/uploads\/Battement_Fraternel1-300x298.jpg\" alt=\"Battement_Fraternel\" width=\"300\" height=\"298\" \/><\/a><\/p>\n<audio class=\"wp-audio-shortcode\" id=\"audio-1206-6\" preload=\"none\" style=\"width: 100%;\" controls=\"controls\"><source type=\"audio\/mpeg\" src=\"http:\/\/www.appoloss.fr\/site\/wp-content\/uploads\/1-Le-Fran\u00e7ais.mp3?_=6\" \/><a href=\"http:\/\/www.appoloss.fr\/site\/wp-content\/uploads\/1-Le-Fran\u00e7ais.mp3\">http:\/\/www.appoloss.fr\/site\/wp-content\/uploads\/1-Le-Fran\u00e7ais.mp3<\/a><\/audio>\n<p>1 &#8211; Le Fran\u00e7ais<\/p>\n<audio class=\"wp-audio-shortcode\" id=\"audio-1206-7\" preload=\"none\" style=\"width: 100%;\" controls=\"controls\"><source type=\"audio\/mpeg\" src=\"http:\/\/www.appoloss.fr\/site\/wp-content\/uploads\/2-LEcossais.mp3?_=7\" \/><a href=\"http:\/\/www.appoloss.fr\/site\/wp-content\/uploads\/2-LEcossais.mp3\">http:\/\/www.appoloss.fr\/site\/wp-content\/uploads\/2-LEcossais.mp3<\/a><\/audio>\n<p>2 &#8211; L&rsquo;Ecossais<br \/>\nPrenant sa source il y a plusieurs si\u00e8cles dans les batteries d\u2019acclamations du rite fran\u00e7ais ou \u00e9cossais, cette musique m\u00e9ditative \u00e9veille l\u2019esprit de solidarit\u00e9, de fraternit\u00e9 et d\u2019entraide pour une humanit\u00e9 plus \u00e9clair\u00e9e.\u00a0(Projet soutenu par SPES :soutien pour l\u2019enfance en souffrance)<\/p>\n<h4><\/h4>\n<h3><span style=\"color: #ff6600;\">PEDOFOLIE &#8211; FEMMES BATTUES 2007<\/span><\/h3>\n<p><a href=\"http:\/\/www.appoloss.fr\/site\/wp-content\/uploads\/pedofolie.jpg\"><img loading=\"lazy\" src=\"http:\/\/www.appoloss.fr\/site\/wp-content\/uploads\/pedofolie-300x300.jpg\" alt=\"pedofolie\" width=\"300\" height=\"300\" \/><\/a><\/p>\n<audio class=\"wp-audio-shortcode\" id=\"audio-1206-8\" preload=\"none\" style=\"width: 100%;\" controls=\"controls\"><source type=\"audio\/mpeg\" src=\"http:\/\/www.appoloss.fr\/site\/wp-content\/uploads\/1-P\u00e9dophilie-Femme-Battues.mp3?_=8\" \/><a href=\"http:\/\/www.appoloss.fr\/site\/wp-content\/uploads\/1-P\u00e9dophilie-Femme-Battues.mp3\">http:\/\/www.appoloss.fr\/site\/wp-content\/uploads\/1-P\u00e9dophilie-Femme-Battues.mp3<\/a><\/audio>\n<p>1 &#8211; P\u00e9dofolie &#8211; Femmes battues<\/p>\n<audio class=\"wp-audio-shortcode\" id=\"audio-1206-9\" preload=\"none\" style=\"width: 100%;\" controls=\"controls\"><source type=\"audio\/mpeg\" src=\"http:\/\/www.appoloss.fr\/site\/wp-content\/uploads\/2-Si-Les-Femmes-Dirigeaient.mp3?_=9\" \/><a href=\"http:\/\/www.appoloss.fr\/site\/wp-content\/uploads\/2-Si-Les-Femmes-Dirigeaient.mp3\">http:\/\/www.appoloss.fr\/site\/wp-content\/uploads\/2-Si-Les-Femmes-Dirigeaient.mp3<\/a><\/audio>\n<p>2 &#8211; Si les femmes dirigeaient le monde<br \/>\nProjet luttant pour la d\u00e9fense des victimes de violences quotidiennes, les femmes battues et les victimes sexuelles.<br \/>\n(Projet soutenu par le minist\u00e8re de la jeunesse et des sports \/ la pr\u00e9fecture du Rh\u00f4ne ainsi que la d\u00e9l\u00e9gation r\u00e9gionale des droits des femmes et de l\u2019\u00e9galit\u00e9)<\/p>\n<style=\"text-align: justify;\">Ce site respecte le droit d\u2019auteur. Tous les droits des auteurs des oeuvres prot\u00e9g\u00e9es reproduites et communiqu\u00e9es sur ce site sont r\u00e9serv\u00e9s. Sauf autorisation, toute utilisation des oeuvres autre que la reproduction et la consultation individuelles et priv\u00e9es sont interdites.<\/p>\n\n","protected":false},"excerpt":{"rendered":"<p>EN VENTE sur 250 Plateformes \u2013 Lien iTUNES : NOUVEAUTE : VIENS DANSER LA BOURREE &#8211; Nov 2017 https:\/\/itunes.apple.com\/fr\/album\/viens-danser-la-bourr%C3%A9e-single\/1313901464 NOUVEAUTE :\u00a0DANS LE DOS &#8211; Ao\u00fbt 2017 https:\/\/itunes.apple.com\/fr\/album\/dans-le-dos\/1269576679?i=1269576692 &nbsp; &nbsp; &nbsp; &nbsp; &nbsp; &nbsp; &nbsp; C\u2019est un coup violent, une humiliation&#8230;<\/p>\n","protected":false},"author":1,"featured_media":0,"parent":0,"menu_order":0,"comment_status":"closed","ping_status":"open","template":"","meta":[],"_links":{"self":[{"href":"https:\/\/www.appoloss.fr\/site\/wp-json\/wp\/v2\/pages\/1206"}],"collection":[{"href":"https:\/\/www.appoloss.fr\/site\/wp-json\/wp\/v2\/pages"}],"about":[{"href":"https:\/\/www.appoloss.fr\/site\/wp-json\/wp\/v2\/types\/page"}],"author":[{"embeddable":true,"href":"https:\/\/www.appoloss.fr\/site\/wp-json\/wp\/v2\/users\/1"}],"replies":[{"embeddable":true,"href":"https:\/\/www.appoloss.fr\/site\/wp-json\/wp\/v2\/comments?post=1206"}],"version-history":[{"count":56,"href":"https:\/\/www.appoloss.fr\/site\/wp-json\/wp\/v2\/pages\/1206\/revisions"}],"predecessor-version":[{"id":2469,"href":"https:\/\/www.appoloss.fr\/site\/wp-json\/wp\/v2\/pages\/1206\/revisions\/2469"}],"wp:attachment":[{"href":"https:\/\/www.appoloss.fr\/site\/wp-json\/wp\/v2\/media?parent=1206"}],"curies":[{"name":"wp","href":"https:\/\/api.w.org\/{rel}","templated":true}]}}