{"id":1493,"date":"2015-09-03T19:02:41","date_gmt":"2015-09-03T19:02:41","guid":{"rendered":"http:\/\/www.appoloss.fr\/site\/?page_id=1493"},"modified":"2018-11-17T11:04:26","modified_gmt":"2018-11-17T11:04:26","slug":"bazuka-pour-tous-les-enfants-victimes-de-la-guerre-dans-le-mode-entier","status":"publish","type":"page","link":"https:\/\/www.appoloss.fr\/site\/bazuka-pour-tous-les-enfants-victimes-de-la-guerre-dans-le-mode-entier\/","title":{"rendered":"BAZUKA &#8211; INDE"},"content":{"rendered":"<p>Cette fois, l\u2019artiste se tourne vers l\u2019Inde pour chanter la paix avec la chanteuse Anu SHUKLA et le musicien arrangeur Indien Kiran THAKRAR. Apr\u00e8s avoir d\u00e9nonc\u00e9 la violence faite aux femmes,\u00a0APPOLOSS prend son djemb\u00e9 de voyageur pour le poser en Inde avec une fusion Afro-Indou remplie d\u2019espoir pour tous les enfants victimes de la guerre dans le monde.<br \/>\n<!--[if lt IE 9]><script>document.createElement('audio');<\/script><![endif]-->\n<audio class=\"wp-audio-shortcode\" id=\"audio-1493-1\" preload=\"none\" style=\"width: 100%;\" controls=\"controls\"><source type=\"audio\/mpeg\" src=\"http:\/\/www.appoloss.fr\/site\/wp-content\/uploads\/01-BAZOUKA.mp3?_=1\" \/><a href=\"http:\/\/www.appoloss.fr\/site\/wp-content\/uploads\/01-BAZOUKA.mp3\">http:\/\/www.appoloss.fr\/site\/wp-content\/uploads\/01-BAZOUKA.mp3<\/a><\/audio><\/p>\n<p>1- BAZUKA<\/p>\n<h3 style=\"text-align: center;\"><span style=\"color: #ff6600;\">ANU SHUKLA : Chanteuse<\/span><\/h3>\n<p><a href=\"http:\/\/www.appoloss.fr\/site\/wp-content\/uploads\/ANU.png\"><img loading=\"lazy\" class=\"aligncenter size-full wp-image-682\" src=\"http:\/\/www.appoloss.fr\/site\/wp-content\/uploads\/ANU.png\" alt=\"ANU\" width=\"128\" height=\"229\" \/><\/a><\/p>\n<p>N\u00e9e au Chili en 1970 fait des \u00e9tudes de musique entre 1988 et 1996 et obtient son dipl\u00f4me d\u2019interpr\u00e9tation Superior au conservatoire de l\u2019Universidad Catolica de Chili. Depuis une dizaine d\u2019ann\u00e9es il participe a divers projets de musique du monde et autres (salsa, afro, reggae, traditionnelle latino-am\u00e9ricaine et centro am\u00e9ricaine, jazz fusion) et participe a diverses tourn\u00e9es en Europe, Afrique, Asie, Antilles.<\/p>\n<p>Le voyage musical de Anu Shukla a commenc\u00e9 d\u00e8s l\u2019\u00e2ge de 12 \u00e0 Nairobi (Kenya), apr\u00e8s quoi elle a d\u00e9m\u00e9nag\u00e9 en Angleterre o\u00f9 elle a remport\u00e9 le meilleur prix pour les chanteuses \u00ab Tous les chanteurs Hindi du Royaume-Uni\u00bb. Sa r\u00e9cente collaboration avec Ginuwine chanteuse am\u00e9ricaine superstar du RnB dans la chanson Baby Dil Deewana \u00e9tait n \u00b0 2 sur la BBC Indie Graphique et n \u00b0 7 sur la BBC RnB graphique pour lequel elle a \u00e9crit et chant\u00e9 sur le single.<\/p>\n<p>En 1994, elle a \u00e9t\u00e9 invit\u00e9e par le groupe Allemand de renomm\u00e9e mondiale Dissidenten (qui a remport\u00e9 le prix pour les meilleures ventes du CD de musique du monde \u00ab Livre de la Jungle \u00bb aux Etats-Unis). Elle a voyag\u00e9 avec eux en Allemagne, Autriche et Espagne pour \u00abLivre de la Jungle\u00bb, qui\u00a0est la fusion de la musique indienne et du jazz. Anu avec sa voix soul m\u00e9lodieuse a su toucher les publics \u00e0 travers le monde. Ses performances les plus m\u00e9morables du spectacle \u00e0 Mumbai (Inde) o\u00f9 elle joue aux c\u00f4t\u00e9s de Bali Bhrambhatt et Malkit Singh \u00e0 un public de 60.000 personnes.\u00a0Elle a \u00e9t\u00e9 invit\u00e9e \u00e0 se produire pour la famille royale, Universal Pictures, Louis Vuitton et \u00e0 collabor\u00e9 avec Bill Bailey, Ginuwine et beaucoup d\u2019autres.<\/p>\n<p>R\u00e9cemment Anu a jou\u00e9 en direct avec le Legendary Bollywood, directeur musical Pandit Jain Ravindra qui a aussi compos\u00e9 un titre pour son prochain album. Anu a travaill\u00e9 en studio et sur sc\u00e8ne pour des artistes tels que Pandit Dinesh, Sukhbir Singh, Channi Singh, Mona Singh, Heera, Kuljit Bhamra et bien d\u2019autres. Elle a chant\u00e9 sur plusieurs albums tels que \u00abLoveExpress\u00bb, \u00abMoving Out \u00bb . Elle a \u00e9galement fait la lecture des pi\u00e8ces c\u00e9l\u00e8bres comme \u00abMAA\u00bb et a fait de nombreuses apparitions \u00e0 la t\u00e9l\u00e9vision par exemple, BBC, Zee TV, etc. Anu travaille actuellement sur son premier album.<\/p>\n<p>&nbsp;<\/p>\n<h3 style=\"text-align: center;\"><span style=\"color: #ff6600;\"><strong>KIRAN THAKRAR :\u00a0Musicien joueur de Tabla \/ Arrangeur\u00a0<\/strong><\/span><\/h3>\n<p><center><\/center><center><a href=\"http:\/\/www.appoloss.fr\/site\/wp-content\/uploads\/KIRAN-copie.jpg\"><img loading=\"lazy\" class=\"aligncenter size-full wp-image-685\" src=\"http:\/\/www.appoloss.fr\/site\/wp-content\/uploads\/KIRAN-copie.jpg\" alt=\"KIRAN - copie\" width=\"142\" height=\"213\" \/><\/a><\/center>Kiran Thakrar est un compositeur indien, producteur et clavi\u00e9riste, bas\u00e9 \u00e0 Londres. Il travaille, vis et respire la musique depuis plus de 30 ans. Il a cr\u00e9\u00e9 son propre studio d\u2019enregistrement Globalrootz. Sa musique a \u00e9t\u00e9 entendu dans les plus grande chaine TV du monde entier comme la BBC, Sky, ITV et beaucoup d\u2019autres pour lesquels il a produit l\u2019album de \u00abmusique de production\u00bb sp\u00e9cialement command\u00e9e par Universal Music Production. Les programmes comprennent \u00abThe Real Shilpa Shetty, Desi ADN \u00bb,\u00ab l\u2019Inde des \u00e9coles \u00bb et beaucoup plus.\u00a0Il vient de composer la partition originale pour le film \u00abDiana\u00bb, qui a \u00e9t\u00e9 pr\u00e9sent\u00e9 dans plusieurs festivals internationaux et a remport\u00e9 deux prix. Sa derni\u00e8re collaboration est l\u2019arrangement musical de l\u2019album \u00abAu-del\u00e0 les fronti\u00e8res\u00bb, r\u00e9compens\u00e9 au Canda par le JUNO (connu sous le nom de \u00abGrammy du Canada\u00bb). Kiran vient de terminer la composition de \u2018Baby\u2019 ou figure Anuk Shukla et Ginuwine star am\u00e9ricaine de RnB. Il a jou\u00e9 dans plus de 4000 concerts \u00e0 travers le monde et a travaill\u00e9 avec quelques-uns des plus grands noms : Ustad Nusrahat Fateh Ali Khan, Zakir Hussein, Sivamani, Ginuwine, James Asher, Bill Bailey, Hariharan, Richa Sharma, Hans Raj Hans, Sadhna Sargam Bollywood directeurs musicaux Nadeem Shravan, Ravindra Jain, et bien d\u2019autres.<\/p>\n<p>Actuellement Kiran est occup\u00e9 dans la production de musique pour court-m\u00e9trage et d\u2019autres albums priv\u00e9s. Son vif int\u00e9r\u00eat pour la technologie musicale conduit Kiran \u00e0 explorer les mondes de l\u2019informatique, de programmation et a trouv\u00e9 l\u2019occasion de fusions pionnieres de l\u2019Est et l\u2019Ouest. Kiran explore la fusion cr\u00e9ative des proc\u00e9d\u00e9s technologiques modernes, et le m\u00e9lange de larges \u00e9l\u00e9ments afin d\u2019\u00e9voluer vers de nouveaux genres musicaux.<\/p>\n<p>&nbsp;<\/p>\n<p>&nbsp;<\/p>\n<p>Ce site respecte le droit d\u2019auteur. Tous les droits des auteurs des oeuvres prot\u00e9g\u00e9es reproduites et communiqu\u00e9es sur ce site sont r\u00e9serv\u00e9s. Sauf autorisation, toute utilisation des oeuvres autre que la reproduction et la consultation individuelles et priv\u00e9es sont interdites<br \/>\n<\/p>\n","protected":false},"excerpt":{"rendered":"<p>Cette fois, l\u2019artiste se tourne vers l\u2019Inde pour chanter la paix avec la chanteuse Anu SHUKLA et le musicien arrangeur Indien Kiran THAKRAR. Apr\u00e8s avoir d\u00e9nonc\u00e9 la violence faite aux femmes,\u00a0APPOLOSS prend son djemb\u00e9 de voyageur pour le poser en&#8230;<\/p>\n","protected":false},"author":1,"featured_media":0,"parent":0,"menu_order":0,"comment_status":"closed","ping_status":"closed","template":"","meta":[],"_links":{"self":[{"href":"https:\/\/www.appoloss.fr\/site\/wp-json\/wp\/v2\/pages\/1493"}],"collection":[{"href":"https:\/\/www.appoloss.fr\/site\/wp-json\/wp\/v2\/pages"}],"about":[{"href":"https:\/\/www.appoloss.fr\/site\/wp-json\/wp\/v2\/types\/page"}],"author":[{"embeddable":true,"href":"https:\/\/www.appoloss.fr\/site\/wp-json\/wp\/v2\/users\/1"}],"replies":[{"embeddable":true,"href":"https:\/\/www.appoloss.fr\/site\/wp-json\/wp\/v2\/comments?post=1493"}],"version-history":[{"count":10,"href":"https:\/\/www.appoloss.fr\/site\/wp-json\/wp\/v2\/pages\/1493\/revisions"}],"predecessor-version":[{"id":2449,"href":"https:\/\/www.appoloss.fr\/site\/wp-json\/wp\/v2\/pages\/1493\/revisions\/2449"}],"wp:attachment":[{"href":"https:\/\/www.appoloss.fr\/site\/wp-json\/wp\/v2\/media?parent=1493"}],"curies":[{"name":"wp","href":"https:\/\/api.w.org\/{rel}","templated":true}]}}