{"id":1741,"date":"2017-09-28T15:57:54","date_gmt":"2017-09-28T15:57:54","guid":{"rendered":"http:\/\/www.appoloss.fr\/site\/?page_id=1741"},"modified":"2017-10-09T15:30:24","modified_gmt":"2017-10-09T15:30:24","slug":"orientations-artistiques","status":"publish","type":"page","link":"https:\/\/www.appoloss.fr\/site\/orientations-artistiques\/","title":{"rendered":"Orientations artistiques"},"content":{"rendered":"<h1><a href=\"http:\/\/www.appoloss.fr\/site\/wp-content\/uploads\/d-020406-20a.jpg\"><img loading=\"lazy\" class=\"alignleft size-full wp-image-1091\" src=\"http:\/\/www.appoloss.fr\/site\/wp-content\/uploads\/d-020406-20a.jpg\" alt=\"\" width=\"600\" height=\"394\" srcset=\"https:\/\/www.appoloss.fr\/site\/wp-content\/uploads\/d-020406-20a.jpg 600w, https:\/\/www.appoloss.fr\/site\/wp-content\/uploads\/d-020406-20a-300x197.jpg 300w\" sizes=\"(max-width: 600px) 100vw, 600px\" \/><\/a><\/h1>\n<h1 class=\"p1\"><span style=\"color: #ff9900;\">APPOLOSS &#8211; LIVE BAND<\/span><\/h1>\n<p class=\"p1\">Ce projet s\u2019articule autour de plusieurs choix et orientations artistiques qui lui donne une personnalit\u00e9 forte, identifiable et novatrice :<\/p>\n<p class=\"p1\">\u2022 &#8211; Cr\u00e9er une synergie album\/sc\u00e8ne dans sa dimension multiculturelle et \u00e0 vocation internationale, au-del\u00e0 des fronti\u00e8res, des styles et des cultures.<\/p>\n<p class=\"p1\">\u2022 &#8211; La r\u00e9union d\u2019artistes de qualit\u00e9s qui ont chacun de leurs c\u00f4t\u00e9s une exp\u00e9rience dans leur domaine et tous anim\u00e9s d\u2019une philosophie d\u2019ouverture, d\u2019exp\u00e9rimentation et d\u2019\u00e9changes cr\u00e9atifs : &#8211; Le M\u00e9lange d\u2019instruments traditionnels et contemporains<\/p>\n<p class=\"p1\">&#8211; Un traitement original des sonorit\u00e9s et des instruments, autant respectueux de leur histoire que r\u00e9volutionnaire dans leurs rencontres et leurs croisements pour les placer dans une logique de pens\u00e9e diff\u00e9rente, dans un esprit de d\u00e9cloisonnement (Balafon, kora, clubbing, cornemuse, clarinette, fl\u00fbte, arc musical\u2026)<\/p>\n<p class=\"p1\">&#8211; ( 3 \u00e9l\u00e9ments qui seront consacr\u00e9s sur l\u2019album \u00ab Rencontre Inattendue ) :<\/p>\n<p class=\"p1\"><b>BARJENVOL &#8211; <\/b><\/p>\n<p class=\"p3\"><span class=\"s2\">Est un clin d\u2019oeil \u00e0 Ave Maria de <\/span><span class=\"s3\">J<\/span>ean-S\u00e9bastien Bach, en version Afro Groove.<\/p>\n<p class=\"p5\"><b>DANS LE DOS<\/b><\/p>\n<p class=\"p6\">C\u2019est un coup violent, une <span class=\"s3\">humiliation<\/span> que l&rsquo;on assimile \u00e0 la trahison.<\/p>\n<p class=\"p1\">Li\u00e9 \u00e0 la vie sociale et \u00e0 la politique traditionnelle, ce single <span class=\"s4\">est la rencontre de deux genres musicaux de l\u2019Afrique de l\u2019ouest, d\u00e9fendant <\/span>des valeurs de respect de la dignit\u00e9 humaine et de justice<span class=\"s4\"> : l<\/span><b>a juju music<\/b> du Nigeria, et <b>le Zouglou<\/b> de C\u00f4te d\u2019Ivoire.<\/p>\n<p class=\"p5\"><b>VIENS DANSER LA BOURREE <\/b><\/p>\n<p class=\"p1\">APPOLOSS va \u00e0 la rencontre de \u00ab la Bourr\u00e9e \u00bb qui vient du mot bourrir, battre des ailes. C&rsquo;est au XVIIe si\u00e8cle qu&rsquo;on \u00e9voque pour la premi\u00e8re fois le mot \u00ab bourr\u00e9e\u00a0\u00bb, \u00e0 la cour du roi\u00a0: on assimile cette danse au r\u00e9pertoire chor\u00e9graphique de Versailles. Quand les v\u00e9los sont arriv\u00e9s dans les villages de France, les jeunes gens ont pris le go\u00fbt d\u2019aller voir ailleurs. Et \u00e7\u00e0 donn\u00e9 la naissance aux bals.<\/p>\n  <div class=\"associated-posts\">  \n    <div class=\"associated-post\">\n    <h3 class=\"post-title\">\n     <a href=\"https:\/\/www.appoloss.fr\/site\/article-viens-danser-la-bourree\/\" title=\"VIENS DANSER LA BOURREE\">VIENS DANSER LA BOURREE<\/a>\n    <\/h3>\n      \n        <div class=\"thumb-frame\">\n      <a href=\"https:\/\/www.appoloss.fr\/site\/article-viens-danser-la-bourree\/\" title=\"VIENS DANSER LA BOURREE\">\n        <img src=\"https:\/\/www.appoloss.fr\/site\/wp-content\/uploads\/POCHETTE-SINGLE-150x150.png\"\n             width=\"150\"\n             height=\"150\"\n             alt=\"VIENS DANSER LA BOURREE\"\n             title=\"VIENS DANSER LA BOURREE\"\n             class=\"thumb post-preview-image alignleft\" \/>\n      <\/a>\n    <\/div>\n        \n    <div class=\"post-excerpt\"><p>Voir la vid\u00e9o sur Facebook&#8230; C\u2019est autour des bals folk que nait ce projet. J\u2019aime beaucoup cette ambiance populaire, simple, avec de la transmission, des chants et de la danse, \u00e9change entre g\u00e9n\u00e9ration, \u00e7\u00e0 me rapproche vachement de l\u2019Afrique profonde&#8230;.<\/p>\n<\/div>\n    \n        <div class=\"clear\"><\/div>\n      <\/div>\n    <\/div>\n\n","protected":false},"excerpt":{"rendered":"<p>APPOLOSS &#8211; LIVE BAND Ce projet s\u2019articule autour de plusieurs choix et orientations artistiques qui lui donne une personnalit\u00e9 forte, identifiable et novatrice : \u2022 &#8211; Cr\u00e9er une synergie album\/sc\u00e8ne dans sa dimension multiculturelle et \u00e0 vocation internationale, au-del\u00e0 des&#8230;<\/p>\n","protected":false},"author":1,"featured_media":0,"parent":0,"menu_order":0,"comment_status":"closed","ping_status":"closed","template":"","meta":[],"_links":{"self":[{"href":"https:\/\/www.appoloss.fr\/site\/wp-json\/wp\/v2\/pages\/1741"}],"collection":[{"href":"https:\/\/www.appoloss.fr\/site\/wp-json\/wp\/v2\/pages"}],"about":[{"href":"https:\/\/www.appoloss.fr\/site\/wp-json\/wp\/v2\/types\/page"}],"author":[{"embeddable":true,"href":"https:\/\/www.appoloss.fr\/site\/wp-json\/wp\/v2\/users\/1"}],"replies":[{"embeddable":true,"href":"https:\/\/www.appoloss.fr\/site\/wp-json\/wp\/v2\/comments?post=1741"}],"version-history":[{"count":11,"href":"https:\/\/www.appoloss.fr\/site\/wp-json\/wp\/v2\/pages\/1741\/revisions"}],"predecessor-version":[{"id":1812,"href":"https:\/\/www.appoloss.fr\/site\/wp-json\/wp\/v2\/pages\/1741\/revisions\/1812"}],"wp:attachment":[{"href":"https:\/\/www.appoloss.fr\/site\/wp-json\/wp\/v2\/media?parent=1741"}],"curies":[{"name":"wp","href":"https:\/\/api.w.org\/{rel}","templated":true}]}}