{"id":1794,"date":"2017-09-29T16:20:10","date_gmt":"2017-09-29T16:20:10","guid":{"rendered":"http:\/\/www.appoloss.fr\/site\/?page_id=1794"},"modified":"2018-11-21T13:01:13","modified_gmt":"2018-11-21T13:01:13","slug":"2015-2","status":"publish","type":"page","link":"https:\/\/www.appoloss.fr\/site\/2015-2\/","title":{"rendered":"2015"},"content":{"rendered":"<p>[vc_row][vc_column][vc_column_text]Appoloss, artiste polyvalent, arrangeur et maitre djemb\u00e9, est n\u00e9 \u00e0 Treichville, quartier populaire au coeur de d\u2019Abidjan, en Cote d\u2019Ivoire. D\u00e8s l\u2019\u00e2ge de 8 ans, il commence son aventure musicale, influenc\u00e9 par toutes les richesses de cette communaut\u00e9 africaine qu\u2019il c\u00f4toie au quotidien. C\u2019est \u00e0 la fin des ann\u00e9es 80 que sa carri\u00e8re professionnelle prend son envol, il est le Cr\u00e9ateur et Chef du groupe mythique d\u2019ambiance facile: Les SURCHOCS de Treichville.<br \/>\n<iframe src=\"https:\/\/www.youtube.com\/embed\/a6DDax0bJJE\" width=\"560\" height=\"315\" frameborder=\"0\" allowfullscreen=\"allowfullscreen\"><\/iframe><br \/>\nIl passe quelques ann\u00e9es au Village KIYI de W\u00ear\u00ea W\u00ear\u00ea Liking, puis participe \u00e0 des festivals aussi bien en Europe qu\u2019en Afrique, signe des arrangements dans son pays et produit en 1997 un album solo :\u00ab Prends toi en charge \u00bb. Appel\u00e9 Vieux-P\u00e8re affectueusement dans le mouvement \u00ab Zouglou \u00bb*, Appoloss \u00e9tait un leader de la jeunesse des ann\u00e9es 90 dite \u00ab jeunesse sacrifi\u00e9e \u00bb car n\u00e9e de l\u2019arriv\u00e9e du multipartisme et qui n\u00e9cessite de revendiquer et de lutter pour leur id\u00e9aux et la libert\u00e9 de la Cote d\u2019Ivoire. Il initie l\u2019essentiel des jeunes de cette \u00e9poque \u00e0 la percussion, au chant, \u00e0 la composition et \u00e0 innover en puisant la force dans son fort int\u00e9rieur.<\/p>\n<p>Source: http:\/\/echosdafrique.net\/le-son-du-week-end-pelagie-dappoloss-artiste-residant-a-lyon\/[\/vc_column_text][\/vc_column][\/vc_row][vc_row][vc_column][vc_basic_grid post_type=\u00a0\u00bbpost\u00a0\u00bb max_items=\u00a0\u00bb10&Prime; grid_id=\u00a0\u00bbvc_gid:1542805249248-46da0a6d-24e9-7&Prime;][\/vc_column][\/vc_row]<br \/>\n<\/p>\n","protected":false},"excerpt":{"rendered":"<p>[vc_row][vc_column][vc_column_text]Appoloss, artiste polyvalent, arrangeur et maitre djemb\u00e9, est n\u00e9 \u00e0 Treichville, quartier populaire au coeur de d\u2019Abidjan, en Cote d\u2019Ivoire. D\u00e8s l\u2019\u00e2ge de 8 ans, il commence son aventure musicale, influenc\u00e9 par toutes les richesses de cette communaut\u00e9 africaine qu\u2019il&#8230;<\/p>\n","protected":false},"author":1,"featured_media":2459,"parent":0,"menu_order":0,"comment_status":"closed","ping_status":"closed","template":"","meta":[],"_links":{"self":[{"href":"https:\/\/www.appoloss.fr\/site\/wp-json\/wp\/v2\/pages\/1794"}],"collection":[{"href":"https:\/\/www.appoloss.fr\/site\/wp-json\/wp\/v2\/pages"}],"about":[{"href":"https:\/\/www.appoloss.fr\/site\/wp-json\/wp\/v2\/types\/page"}],"author":[{"embeddable":true,"href":"https:\/\/www.appoloss.fr\/site\/wp-json\/wp\/v2\/users\/1"}],"replies":[{"embeddable":true,"href":"https:\/\/www.appoloss.fr\/site\/wp-json\/wp\/v2\/comments?post=1794"}],"version-history":[{"count":8,"href":"https:\/\/www.appoloss.fr\/site\/wp-json\/wp\/v2\/pages\/1794\/revisions"}],"predecessor-version":[{"id":2465,"href":"https:\/\/www.appoloss.fr\/site\/wp-json\/wp\/v2\/pages\/1794\/revisions\/2465"}],"wp:featuredmedia":[{"embeddable":true,"href":"https:\/\/www.appoloss.fr\/site\/wp-json\/wp\/v2\/media\/2459"}],"wp:attachment":[{"href":"https:\/\/www.appoloss.fr\/site\/wp-json\/wp\/v2\/media?parent=1794"}],"curies":[{"name":"wp","href":"https:\/\/api.w.org\/{rel}","templated":true}]}}