{"id":62,"date":"2011-07-26T11:46:13","date_gmt":"2011-07-26T11:46:13","guid":{"rendered":"http:\/\/www.appoloss.fr\/site\/?page_id=62"},"modified":"2017-10-30T12:22:07","modified_gmt":"2017-10-30T12:22:07","slug":"interview","status":"publish","type":"page","link":"https:\/\/www.appoloss.fr\/site\/presse\/interview\/","title":{"rendered":"Un moment en C\u00f4te d&rsquo;Ivoire"},"content":{"rendered":"<table border=\"0&quot;\" cellspacing=\"10\" cellpadding=\"10\">\n<tbody>\n<tr>\n<td>\n<h3 style=\"text-align: center;\"><\/h3>\n<p>&nbsp;<\/p>\n<h3><\/h3>\n<\/td>\n<td>\n<h3><span style=\"color: #ff9900;\">APPOLOSS \u00e0 la t\u00e9l\u00e9 Ivoirienne<\/span><\/h3>\n<p><iframe src=\"http:\/\/player.vimeo.com\/video\/26911011\" width=\"420\" height=\"315\" frameborder=\"0\" allowfullscreen=\"allowfullscreen\"><\/iframe><\/p>\n<p style=\"text-align: right;\"><em>D\u00e9sol\u00e9 pour la qualit\u00e9<\/em><\/p>\n<h3><span style=\"color: #ff9900;\">MOLO MOLO<\/span><\/h3>\n<p><iframe src=\"https:\/\/www.youtube.com\/embed\/jT8X7Qa2kmo\" width=\"420\" height=\"315\" frameborder=\"0\" allowfullscreen=\"allowfullscreen\"><\/iframe><\/td>\n<\/tr>\n<tr>\n<td><\/td>\n<td><\/td>\n<\/tr>\n<\/tbody>\n<\/table>\n\n","protected":false},"excerpt":{"rendered":"<p>&nbsp; APPOLOSS \u00e0 la t\u00e9l\u00e9 Ivoirienne D\u00e9sol\u00e9 pour la qualit\u00e9 MOLO MOLO<\/p>\n","protected":false},"author":1,"featured_media":0,"parent":26,"menu_order":0,"comment_status":"open","ping_status":"closed","template":"","meta":[],"_links":{"self":[{"href":"https:\/\/www.appoloss.fr\/site\/wp-json\/wp\/v2\/pages\/62"}],"collection":[{"href":"https:\/\/www.appoloss.fr\/site\/wp-json\/wp\/v2\/pages"}],"about":[{"href":"https:\/\/www.appoloss.fr\/site\/wp-json\/wp\/v2\/types\/page"}],"author":[{"embeddable":true,"href":"https:\/\/www.appoloss.fr\/site\/wp-json\/wp\/v2\/users\/1"}],"replies":[{"embeddable":true,"href":"https:\/\/www.appoloss.fr\/site\/wp-json\/wp\/v2\/comments?post=62"}],"version-history":[{"count":26,"href":"https:\/\/www.appoloss.fr\/site\/wp-json\/wp\/v2\/pages\/62\/revisions"}],"predecessor-version":[{"id":1818,"href":"https:\/\/www.appoloss.fr\/site\/wp-json\/wp\/v2\/pages\/62\/revisions\/1818"}],"up":[{"embeddable":true,"href":"https:\/\/www.appoloss.fr\/site\/wp-json\/wp\/v2\/pages\/26"}],"wp:attachment":[{"href":"https:\/\/www.appoloss.fr\/site\/wp-json\/wp\/v2\/media?parent=62"}],"curies":[{"name":"wp","href":"https:\/\/api.w.org\/{rel}","templated":true}]}}