{"id":928,"date":"2014-04-18T14:47:10","date_gmt":"2014-04-18T14:47:10","guid":{"rendered":"http:\/\/www.appoloss.fr\/site\/?page_id=928"},"modified":"2017-10-30T12:14:31","modified_gmt":"2017-10-30T12:14:31","slug":"historique","status":"publish","type":"page","link":"https:\/\/www.appoloss.fr\/site\/videos\/historique\/","title":{"rendered":"HISTORIQUE"},"content":{"rendered":"<p>&nbsp;<\/p>\n<table border=\"0\" cellspacing=\"10\" cellpadding=\"10\">\n<tbody>\n<tr>\n<td>\n<p style=\"font-weight: bold;\"><span style=\"color: #ff9900;\">17 MINUTES DE CLIPS NON STOP<\/span><\/p>\n<p><iframe src=\"\/\/www.youtube.com\/embed\/_OBRSxXZ4kg\" width=\"315\" height=\"235\" frameborder=\"0\" allowfullscreen=\"allowfullscreen\"><\/iframe><\/td>\n<td>\n<h3>\u00a0<span style=\"color: #ff9900;\">Clip MOLO MOLO<\/span><\/h3>\n<p><iframe src=\"\/\/www.youtube.com\/embed\/jT8X7Qa2kmo\" width=\"315\" height=\"235\" frameborder=\"0\" allowfullscreen=\"allowfullscreen\"><\/iframe><\/td>\n<\/tr>\n<tr>\n<td>\n<p style=\"font-weight: bold;\"><span style=\"color: #ff9900;\">Clip SAGA DOUGOU<\/span><\/p>\n<p><iframe src=\"\/\/www.youtube.com\/embed\/2TnMC6A4RLk\" width=\"315\" height=\"235\" frameborder=\"0\" allowfullscreen=\"allowfullscreen\"><\/iframe><\/td>\n<td>\n<p style=\"font-weight: bold;\"><span style=\"color: #ff9900;\">Clip MA REPUBLIQUE<\/span><\/p>\n<p><iframe src=\"\/\/www.youtube.com\/embed\/J--SWrutOAY\" width=\"315\" height=\"235\" frameborder=\"0\" allowfullscreen=\"allowfullscreen\"><\/iframe><\/td>\n<\/tr>\n<tr>\n<td>\n<p style=\"font-weight: bold;\"><span style=\"color: #ff9900;\">Clip PEDOFOLIE &#8211; FEMMES BATTUES<\/span><\/p>\n<p><iframe src=\"\/\/www.youtube.com\/embed\/uJE94JoOjFI\" width=\"315\" height=\"235\" frameborder=\"0\" allowfullscreen=\"allowfullscreen\"><\/iframe><\/td>\n<td>\n<p style=\"font-weight: bold;\"><span style=\"color: #ff9900;\">Clip ELECTION KAMIKAZE<\/span><\/p>\n<p><iframe src=\"\/\/www.youtube.com\/embed\/6wI2wrvHc3Y\" width=\"315\" height=\"235\" frameborder=\"0\" allowfullscreen=\"allowfullscreen\"><\/iframe><\/td>\n<\/tr>\n<tr style=\"font-style: italic;\">\n<td style=\"text-align: left;\" colspan=\"2\" rowspan=\"1\">Ce site respecte le droit d&rsquo;auteur. Tous les droits des auteurs des oeuvres prot\u00e9g\u00e9es reproduites et communiqu\u00e9es sur ce site sont r\u00e9serv\u00e9s. Sauf autorisation, toute utilisation des oeuvres autre que la reproduction et la consultation individuelles et priv\u00e9es sont interdites<\/td>\n<\/tr>\n<\/tbody>\n<\/table>\n<p>&nbsp;<br \/>\n<\/p>\n","protected":false},"excerpt":{"rendered":"<p>&nbsp; 17 MINUTES DE CLIPS NON STOP \u00a0Clip MOLO MOLO Clip SAGA DOUGOU Clip MA REPUBLIQUE Clip PEDOFOLIE &#8211; FEMMES BATTUES Clip ELECTION KAMIKAZE Ce site respecte le droit d&rsquo;auteur. Tous les droits des auteurs des oeuvres prot\u00e9g\u00e9es reproduites et&#8230;<\/p>\n","protected":false},"author":1,"featured_media":0,"parent":48,"menu_order":2,"comment_status":"closed","ping_status":"closed","template":"","meta":[],"_links":{"self":[{"href":"https:\/\/www.appoloss.fr\/site\/wp-json\/wp\/v2\/pages\/928"}],"collection":[{"href":"https:\/\/www.appoloss.fr\/site\/wp-json\/wp\/v2\/pages"}],"about":[{"href":"https:\/\/www.appoloss.fr\/site\/wp-json\/wp\/v2\/types\/page"}],"author":[{"embeddable":true,"href":"https:\/\/www.appoloss.fr\/site\/wp-json\/wp\/v2\/users\/1"}],"replies":[{"embeddable":true,"href":"https:\/\/www.appoloss.fr\/site\/wp-json\/wp\/v2\/comments?post=928"}],"version-history":[{"count":22,"href":"https:\/\/www.appoloss.fr\/site\/wp-json\/wp\/v2\/pages\/928\/revisions"}],"predecessor-version":[{"id":1817,"href":"https:\/\/www.appoloss.fr\/site\/wp-json\/wp\/v2\/pages\/928\/revisions\/1817"}],"up":[{"embeddable":true,"href":"https:\/\/www.appoloss.fr\/site\/wp-json\/wp\/v2\/pages\/48"}],"wp:attachment":[{"href":"https:\/\/www.appoloss.fr\/site\/wp-json\/wp\/v2\/media?parent=928"}],"curies":[{"name":"wp","href":"https:\/\/api.w.org\/{rel}","templated":true}]}}